{"id":33,"date":"2014-02-14T12:24:02","date_gmt":"2014-02-14T11:24:02","guid":{"rendered":"https:\/\/bloc-note.ac-reunion.fr\/stdenis5-st-bernard\/?page_id=33"},"modified":"2014-02-14T12:24:02","modified_gmt":"2014-02-14T11:24:02","slug":"liens","status":"publish","type":"page","link":"https:\/\/bloc-note.ac-reunion.fr\/stdenis5-st-bernard\/?page_id=33","title":{"rendered":"Liens"},"content":{"rendered":"<p>Voici les liens vers les sites que nous trouvons int\u00e9ressants :<\/p>\n<p>(\u00e0 compl\u00e9ter par la suite dans la rubrique page : Liens)<\/p>\n","protected":false},"excerpt":{"rendered":"<p>Voici les liens vers les sites que nous trouvons int\u00e9ressants : (\u00e0 compl\u00e9ter par la suite dans la rubrique page : Liens)<\/p>\n","protected":false},"author":123,"featured_media":0,"parent":0,"menu_order":0,"comment_status":"open","ping_status":"open","template":"","meta":{"footnotes":""},"class_list":["post-33","page","type-page","status-publish","hentry"],"_links":{"self":[{"href":"https:\/\/bloc-note.ac-reunion.fr\/stdenis5-st-bernard\/index.php?rest_route=\/wp\/v2\/pages\/33","targetHints":{"allow":["GET"]}}],"collection":[{"href":"https:\/\/bloc-note.ac-reunion.fr\/stdenis5-st-bernard\/index.php?rest_route=\/wp\/v2\/pages"}],"about":[{"href":"https:\/\/bloc-note.ac-reunion.fr\/stdenis5-st-bernard\/index.php?rest_route=\/wp\/v2\/types\/page"}],"author":[{"embeddable":true,"href":"https:\/\/bloc-note.ac-reunion.fr\/stdenis5-st-bernard\/index.php?rest_route=\/wp\/v2\/users\/123"}],"replies":[{"embeddable":true,"href":"https:\/\/bloc-note.ac-reunion.fr\/stdenis5-st-bernard\/index.php?rest_route=%2Fwp%2Fv2%2Fcomments&post=33"}],"version-history":[{"count":1,"href":"https:\/\/bloc-note.ac-reunion.fr\/stdenis5-st-bernard\/index.php?rest_route=\/wp\/v2\/pages\/33\/revisions"}],"predecessor-version":[{"id":34,"href":"https:\/\/bloc-note.ac-reunion.fr\/stdenis5-st-bernard\/index.php?rest_route=\/wp\/v2\/pages\/33\/revisions\/34"}],"wp:attachment":[{"href":"https:\/\/bloc-note.ac-reunion.fr\/stdenis5-st-bernard\/index.php?rest_route=%2Fwp%2Fv2%2Fmedia&parent=33"}],"curies":[{"name":"wp","href":"https:\/\/api.w.org\/{rel}","templated":true}]}}