{"id":1386,"date":"2016-06-17T12:34:30","date_gmt":"2016-06-17T11:34:30","guid":{"rendered":"https:\/\/bloc-note.ac-reunion.fr\/stdenis5-saint-bernard\/?page_id=1386"},"modified":"2018-04-13T09:59:38","modified_gmt":"2018-04-13T08:59:38","slug":"ou-sommes-nous-situe","status":"publish","type":"page","link":"https:\/\/bloc-note.ac-reunion.fr\/stdenis5-saint-bernard\/?page_id=1386","title":{"rendered":"O\u00f9 sommes-nous situ\u00e9s ?"},"content":{"rendered":"<p style=\"text-align: center\"><span style=\"text-decoration: underline\"><strong>Comment venir \u00e0 l&#8217;\u00e9cole \u00e9l\u00e9mentaire de Saint-Bernard?<\/strong><\/span><\/p>\n<p>Pour visualiser la carte de l&#8217;\u00e9cole, cliquez <a href=\"https:\/\/www.google.com\/maps\/@-20.9094774,55.3999832,177m\/data=!3m1!1e3\">ici<\/a><\/p>\n<p>Une maquette 3D vous est \u00e9galement propos\u00e9e :<\/p>\n<p><a href=\"https:\/\/bloc-note.ac-reunion.fr\/stdenis5-saint-bernard\/files\/2016\/05\/Maquette_Saint_Bernard_situation.png\"><img loading=\"lazy\" decoding=\"async\" class=\"alignnone size-full wp-image-1281\" src=\"https:\/\/bloc-note.ac-reunion.fr\/stdenis5-saint-bernard\/files\/2016\/05\/Maquette_Saint_Bernard_situation.png\" alt=\"Maquette_Saint_Bernard_situation\" width=\"1914\" height=\"936\" srcset=\"https:\/\/bloc-note.ac-reunion.fr\/stdenis5-saint-bernard\/files\/2016\/05\/Maquette_Saint_Bernard_situation.png 1914w, https:\/\/bloc-note.ac-reunion.fr\/stdenis5-saint-bernard\/files\/2016\/05\/Maquette_Saint_Bernard_situation-300x147.png 300w, https:\/\/bloc-note.ac-reunion.fr\/stdenis5-saint-bernard\/files\/2016\/05\/Maquette_Saint_Bernard_situation-768x376.png 768w, https:\/\/bloc-note.ac-reunion.fr\/stdenis5-saint-bernard\/files\/2016\/05\/Maquette_Saint_Bernard_situation-1024x501.png 1024w, https:\/\/bloc-note.ac-reunion.fr\/stdenis5-saint-bernard\/files\/2016\/05\/Maquette_Saint_Bernard_situation-500x245.png 500w\" sizes=\"auto, (max-width: 1914px) 100vw, 1914px\" \/><\/a><\/p>\n","protected":false},"excerpt":{"rendered":"<p>Comment venir \u00e0 l&#8217;\u00e9cole \u00e9l\u00e9mentaire de Saint-Bernard? Pour visualiser la carte de l&#8217;\u00e9cole, cliquez ici Une maquette 3D vous est \u00e9galement propos\u00e9e :<\/p>\n","protected":false},"author":864,"featured_media":0,"parent":0,"menu_order":0,"comment_status":"closed","ping_status":"closed","template":"","meta":{"footnotes":""},"class_list":["post-1386","page","type-page","status-publish","hentry"],"_links":{"self":[{"href":"https:\/\/bloc-note.ac-reunion.fr\/stdenis5-saint-bernard\/index.php?rest_route=\/wp\/v2\/pages\/1386","targetHints":{"allow":["GET"]}}],"collection":[{"href":"https:\/\/bloc-note.ac-reunion.fr\/stdenis5-saint-bernard\/index.php?rest_route=\/wp\/v2\/pages"}],"about":[{"href":"https:\/\/bloc-note.ac-reunion.fr\/stdenis5-saint-bernard\/index.php?rest_route=\/wp\/v2\/types\/page"}],"author":[{"embeddable":true,"href":"https:\/\/bloc-note.ac-reunion.fr\/stdenis5-saint-bernard\/index.php?rest_route=\/wp\/v2\/users\/864"}],"replies":[{"embeddable":true,"href":"https:\/\/bloc-note.ac-reunion.fr\/stdenis5-saint-bernard\/index.php?rest_route=%2Fwp%2Fv2%2Fcomments&post=1386"}],"version-history":[{"count":4,"href":"https:\/\/bloc-note.ac-reunion.fr\/stdenis5-saint-bernard\/index.php?rest_route=\/wp\/v2\/pages\/1386\/revisions"}],"predecessor-version":[{"id":2292,"href":"https:\/\/bloc-note.ac-reunion.fr\/stdenis5-saint-bernard\/index.php?rest_route=\/wp\/v2\/pages\/1386\/revisions\/2292"}],"wp:attachment":[{"href":"https:\/\/bloc-note.ac-reunion.fr\/stdenis5-saint-bernard\/index.php?rest_route=%2Fwp%2Fv2%2Fmedia&parent=1386"}],"curies":[{"name":"wp","href":"https:\/\/api.w.org\/{rel}","templated":true}]}}