{"id":111,"date":"2014-02-14T08:05:49","date_gmt":"2014-02-14T07:05:49","guid":{"rendered":"https:\/\/bloc-note.ac-reunion.fr\/stdenis5-saint-bernard\/?page_id=111"},"modified":"2020-02-27T06:07:22","modified_gmt":"2020-02-27T05:07:22","slug":"liens","status":"publish","type":"page","link":"https:\/\/bloc-note.ac-reunion.fr\/stdenis5-saint-bernard\/?page_id=111","title":{"rendered":"Liens"},"content":{"rendered":"<p>Voici les liens vers les sites qui nous int\u00e9ressent :<\/p>\n<ul>\n<li><strong>Sites acad\u00e9miques :<\/strong><\/li>\n<\/ul>\n<p><a href=\"https:\/\/www.ac-reunion.fr\/academie.html\">Site de l&#8217;acad\u00e9mie de la R\u00e9union<\/a><\/p>\n<p><a href=\"http:\/\/ien-stdenis5.ac-reunion.fr\/\">Site de la circonscription acad\u00e9mique saint Denis 5<\/a><\/p>\n<ul>\n<li><strong>Site d&#8217;aide aux devoirs et exercices :\u00a0<\/strong><\/li>\n<\/ul>\n<p><a href=\"http:\/\/soutien67.free.fr\/\">Soutien 67<\/a>\u00a0: Site proposant des exercices de Math\u00e9matiques, Fran\u00e7ais, Histoire et G\u00e9ographie et de Sciences pour les classes allant du CP au CM2. Pas d&#8217;installation ni d&#8217;inscription.<\/p>\n<p><a href=\"http:\/\/www.vinzetlou.net\/vinz-et-lou-sur-internet\/educateurs\">Vinz et Lou\u00a0sur internet<\/a>\u00a0: Site proposant des exercices et dessins anim\u00e9s mettant en sc\u00e8ne les principaux usages et risques associ\u00e9s de l&#8217;Internet par les 7-12 ans.\u00a0Pas d&#8217;installation ni d&#8217;inscription, possibilit\u00e9 de t\u00e9l\u00e9charger les vid\u00e9os.<\/p>\n<p><a href=\"http:\/\/www.logicieleducatif.fr\/\">Jeux \u00e9ducatifs en ligne\u00a0<\/a>: Site de jeux \u00e9ducatifs et ludiques pour accompagner l&#8217;apprentissage scolaire. Jouable directement sur navigateur internet, les jeux ne n\u00e9cessitent pas d&#8217;installation ni d&#8217;inscription.<br \/>\nPs : les temps de chargement peuvent \u00eatre un peu longs.<\/p>\n<p><a href=\"http:\/\/education.francetv.fr\/\">France t\u00e9l\u00e9vision \u00e9ducation :<\/a>\u00a0Plateforme \u00e9ducative pour les parents, les \u00e9l\u00e8ves et les enseignants comprenant des ressources multim\u00e9dia par niveau et par th\u00e8me.<\/p>\n<p><a href=\"http:\/\/www.jeuxpedago.com\/\">Jeux p\u00e9dagogiques<\/a>\u00a0: Site de jeux p\u00e9dagogiques pour les \u00e9l\u00e8ves allant de l&#8217;\u00e9cole \u00e9l\u00e9mentaire au lyc\u00e9e. Pas d&#8217;installation et l&#8217;inscription n&#8217;est pas obligatoire. L&#8217;inscription permet un suivi du\u00a0parcours de l&#8217;\u00e9l\u00e8ve par l&#8217;enseignant et par les parents (planification des exercices possible).<\/p>\n<ul>\n<li><strong>Votre enfant et le num\u00e9rique :\u00a0<\/strong><\/li>\n<\/ul>\n<p><a href=\"http:\/\/ecolenumerique.education.gouv.fr\/internet-10-conseils-cles-accompagner-enfant\/\">10 conseils<\/a> pour accompagner votre enfant<\/p>\n<p><a href=\"https:\/\/www.qwantjunior.com\/?l=fr\">qwant junior<\/a> (de 6 \u00e0 13 ans) : moteur de recherche pour l\u2019acc\u00e8s \u00e0 des contenus plus appropri\u00e9s pour votre enfant.<\/p>\n<p><a href=\"https:\/\/pixabay.com\/fr\/\">Pixabay<\/a>\u00a0: Base de donn\u00e9es d&#8217;images gratuites et libre d&#8217;utilisation<\/p>\n<p>&nbsp;<\/p>\n<ul>\n<li><strong>Blog de l&#8217;Ecole maternelle de Saint-Bernard :\u00a0<\/strong><\/li>\n<\/ul>\n<p><a href=\"https:\/\/bloc-note.ac-reunion.fr\/stdenis5-st-bernard\/\">Blog de l&#8217;\u00e9cole<\/a><\/p>\n","protected":false},"excerpt":{"rendered":"<p>Voici les liens vers les sites qui nous int\u00e9ressent : Sites acad\u00e9miques : Site de l&#8217;acad\u00e9mie de la R\u00e9union Site de la circonscription acad\u00e9mique saint Denis 5 Site d&#8217;aide aux devoirs et exercices :\u00a0 Soutien 67\u00a0: Site proposant des exercices &hellip; <a href=\"https:\/\/bloc-note.ac-reunion.fr\/stdenis5-saint-bernard\/?page_id=111\">Continuer la lecture <span class=\"meta-nav\">&rarr;<\/span><\/a><\/p>\n","protected":false},"author":123,"featured_media":0,"parent":0,"menu_order":0,"comment_status":"open","ping_status":"open","template":"","meta":{"footnotes":""},"class_list":["post-111","page","type-page","status-publish","hentry"],"_links":{"self":[{"href":"https:\/\/bloc-note.ac-reunion.fr\/stdenis5-saint-bernard\/index.php?rest_route=\/wp\/v2\/pages\/111","targetHints":{"allow":["GET"]}}],"collection":[{"href":"https:\/\/bloc-note.ac-reunion.fr\/stdenis5-saint-bernard\/index.php?rest_route=\/wp\/v2\/pages"}],"about":[{"href":"https:\/\/bloc-note.ac-reunion.fr\/stdenis5-saint-bernard\/index.php?rest_route=\/wp\/v2\/types\/page"}],"author":[{"embeddable":true,"href":"https:\/\/bloc-note.ac-reunion.fr\/stdenis5-saint-bernard\/index.php?rest_route=\/wp\/v2\/users\/123"}],"replies":[{"embeddable":true,"href":"https:\/\/bloc-note.ac-reunion.fr\/stdenis5-saint-bernard\/index.php?rest_route=%2Fwp%2Fv2%2Fcomments&post=111"}],"version-history":[{"count":12,"href":"https:\/\/bloc-note.ac-reunion.fr\/stdenis5-saint-bernard\/index.php?rest_route=\/wp\/v2\/pages\/111\/revisions"}],"predecessor-version":[{"id":1276,"href":"https:\/\/bloc-note.ac-reunion.fr\/stdenis5-saint-bernard\/index.php?rest_route=\/wp\/v2\/pages\/111\/revisions\/1276"}],"wp:attachment":[{"href":"https:\/\/bloc-note.ac-reunion.fr\/stdenis5-saint-bernard\/index.php?rest_route=%2Fwp%2Fv2%2Fmedia&parent=111"}],"curies":[{"name":"wp","href":"https:\/\/api.w.org\/{rel}","templated":true}]}}